{"id":171,"date":"2020-10-31T19:55:44","date_gmt":"2020-10-31T18:55:44","guid":{"rendered":"http:\/\/ocqueville.fr\/?page_id=171"},"modified":"2020-11-01T17:21:16","modified_gmt":"2020-11-01T16:21:16","slug":"compte-rendu-ccca-26-oct","status":"publish","type":"page","link":"https:\/\/ocqueville.fr\/?page_id=171","title":{"rendered":"Compte rendu CCCA &#8211; 26 Octobre"},"content":{"rendered":"\n<p>Compte rendu de la r\u00e9union du 26 Octobre avec Mr le Pr\u00e9sident de la CCCA.<\/p>\n\n\n\n<h2 class=\"wp-block-heading\">La fibre optique \u00e0 Ocqueville<\/h2>\n\n\n\n<p>Mardi 26 Octobre, Mr le Maire a \u00e9t\u00e9 re\u00e7u par Mr le Pr\u00e9sident de la CCCA Mr Lheureux pour \u00e9tudier les diff\u00e9rents dossiers de notre commune.<\/p>\n\n\n\n<p>Nous avons abord\u00e9 le probl\u00e8me de la Fibre avec ses poteaux, il a bien compris notre inqui\u00e9tude quand \u00e0 la for\u00eat de poteaux actuellement \u00e0 Auzeville surtout route des estaminets.<\/p>\n\n\n\n<p>Il a pris acte et mettra tout en \u0153uvre pour enterrer les r\u00e9seaux le plus vite possible et le mettre en \u00e9tude avec SDE76.<\/p>\n\n\n\n<h2 class=\"wp-block-heading\">Innondation route de Fr\u00e9mard<\/h2>\n\n\n\n<p>La route de Fr\u00e9mard est \u00e0 nouveau d&#8217;actualit\u00e9 car le gravillonnage r\u00e9cent a \u00e9t\u00e9 rat\u00e9. J&#8217;ai donc demand\u00e9 (comme c&#8217;est la route la plus utilis\u00e9e pour aller \u00e0 Saint Valery en Caux et \u00e0 la centrale) un rev\u00eatement enrob\u00e9 pour rehausser cette route en &#8220;t\u00eate ondul\u00e9e&#8221;.<\/p>\n\n\n\n<h2 class=\"wp-block-heading\">Les tennis et la salle des f\u00eates d&#8217;Ocqueville<\/h2>\n\n\n\n<p>Apr\u00e8s plusieurs ann\u00e9es sans entretien s\u00e9rieux du tennis et de la salle des f\u00eates, nous sommes oblig\u00e9s dans les ann\u00e9es qui viennent de r\u00e9nover ces deux sites avec l&#8217;aide des fonds de la CCCA.<\/p>\n\n\n\n<h2 class=\"wp-block-heading\">Les bouches \u00e0 incendie <\/h2>\n\n\n\n<p>Le probl\u00e8me des bouches \u00e0 incendie va \u00eatre r\u00e9solu dans les mois qui viennent avec l&#8217;aide financi\u00e8re du conseil g\u00e9n\u00e9ral, de la PETR et du CCCA.<\/p>\n\n\n\n<h2 class=\"wp-block-heading\">La s\u00e9curit\u00e9 routi\u00e8re \u00e0 Ocqueville<\/h2>\n\n\n\n<p>La s\u00e9curit\u00e9 des abords de la salle des F\u00eates, du nouveau cimeti\u00e8re et de la mairie a \u00e9t\u00e9 abord\u00e9e et Mr le Maire a demand\u00e9 un plateau pour ralentir les voitures qui viennent de Neville.<\/p>\n\n\n\n<h2 class=\"wp-block-heading\">L&#8217;\u00e9clairage des routes<\/h2>\n\n\n\n<p>Le programme LED sera achev\u00e9 en Juin prochain, ce qui permettra des \u00e9conomies d&#8217;\u00e9nergie. Cela permettra notamment de monitorer l&#8217;\u00e9clairage la nuit (par exemple, baisser l&#8217;intensit\u00e9).<\/p>\n\n\n\n<p>Autres sujets<\/p>\n\n\n\n<p>Le programme PLUI devra \u00eatre approuv\u00e9 par le conseil si il le d\u00e9sire et un vice pr\u00e9sident viendra peut-\u00eatre nous l&#8217;expliquer lors de la prochaine r\u00e9union du conseil .<\/p>\n\n\n\n<p>La r\u00e9union s&#8217;est termin\u00e9e vers 15h, Mr Le Maire remercie Mr Lheureux de l&#8217;avoir re\u00e7u et \u00e9couter, nous attendons maintenant les retours avec impatience.<\/p>\n\n\n\n<p><\/p>\n","protected":false},"excerpt":{"rendered":"<p>Compte rendu de la r\u00e9union du 26 Octobre avec Mr le Pr\u00e9sident de la CCCA. La fibre optique \u00e0 Ocqueville Mardi 26 Octobre, Mr le Maire a \u00e9t\u00e9 re\u00e7u par Mr le Pr\u00e9sident de la CCCA Mr Lheureux pour \u00e9tudier les diff\u00e9rents dossiers de notre commune. Nous avons abord\u00e9 le probl\u00e8me de la Fibre avec [&hellip;]<\/p>\n","protected":false},"author":1,"featured_media":0,"parent":30,"menu_order":0,"comment_status":"closed","ping_status":"closed","template":"","meta":{"footnotes":""},"yoast_head":"<!-- This site is optimized with the Yoast SEO plugin v22.8 - https:\/\/yoast.com\/wordpress\/plugins\/seo\/ -->\n<title>Compte rendu CCCA - 26 Octobre - Mairie d&#039;Ocqueville<\/title>\n<meta name=\"description\" content=\"Compte rendu CCCA et Maire Ocqueville\" \/>\n<meta name=\"robots\" content=\"index, follow, max-snippet:-1, max-image-preview:large, max-video-preview:-1\" \/>\n<link rel=\"canonical\" href=\"https:\/\/ocqueville.fr\/?page_id=171\" \/>\n<meta property=\"og:locale\" content=\"en_US\" \/>\n<meta property=\"og:type\" content=\"article\" \/>\n<meta property=\"og:title\" content=\"Compte rendu CCCA - 26 Octobre - Mairie d&#039;Ocqueville\" \/>\n<meta property=\"og:description\" content=\"Compte rendu CCCA et Maire Ocqueville\" \/>\n<meta property=\"og:url\" content=\"https:\/\/ocqueville.fr\/?page_id=171\" \/>\n<meta property=\"og:site_name\" content=\"Mairie d&#039;Ocqueville\" \/>\n<meta property=\"article:modified_time\" content=\"2020-11-01T16:21:16+00:00\" \/>\n<meta name=\"twitter:card\" content=\"summary_large_image\" \/>\n<meta name=\"twitter:label1\" content=\"Est. reading time\" \/>\n\t<meta name=\"twitter:data1\" content=\"2 minutes\" \/>\n<script type=\"application\/ld+json\" class=\"yoast-schema-graph\">{\"@context\":\"https:\/\/schema.org\",\"@graph\":[{\"@type\":\"WebPage\",\"@id\":\"https:\/\/ocqueville.fr\/?page_id=171\",\"url\":\"https:\/\/ocqueville.fr\/?page_id=171\",\"name\":\"Compte rendu CCCA - 26 Octobre - Mairie d&#039;Ocqueville\",\"isPartOf\":{\"@id\":\"http:\/\/ocqueville.fr\/#website\"},\"datePublished\":\"2020-10-31T18:55:44+00:00\",\"dateModified\":\"2020-11-01T16:21:16+00:00\",\"description\":\"Compte rendu CCCA et Maire Ocqueville\",\"breadcrumb\":{\"@id\":\"https:\/\/ocqueville.fr\/?page_id=171#breadcrumb\"},\"inLanguage\":\"en-US\",\"potentialAction\":[{\"@type\":\"ReadAction\",\"target\":[\"https:\/\/ocqueville.fr\/?page_id=171\"]}]},{\"@type\":\"BreadcrumbList\",\"@id\":\"https:\/\/ocqueville.fr\/?page_id=171#breadcrumb\",\"itemListElement\":[{\"@type\":\"ListItem\",\"position\":1,\"name\":\"Accueil\",\"item\":\"http:\/\/ocqueville.fr\/\"},{\"@type\":\"ListItem\",\"position\":2,\"name\":\"Vie municipale\",\"item\":\"https:\/\/ocqueville.fr\/?page_id=53\"},{\"@type\":\"ListItem\",\"position\":3,\"name\":\"Nos projets\",\"item\":\"https:\/\/ocqueville.fr\/?page_id=30\"},{\"@type\":\"ListItem\",\"position\":4,\"name\":\"Compte rendu CCCA &#8211; 26 Octobre\"}]},{\"@type\":\"WebSite\",\"@id\":\"http:\/\/ocqueville.fr\/#website\",\"url\":\"http:\/\/ocqueville.fr\/\",\"name\":\"Mairie d&#039;Ocqueville\",\"description\":\"Le site de la mairie pour les ocquevillais\",\"potentialAction\":[{\"@type\":\"SearchAction\",\"target\":{\"@type\":\"EntryPoint\",\"urlTemplate\":\"http:\/\/ocqueville.fr\/?s={search_term_string}\"},\"query-input\":\"required name=search_term_string\"}],\"inLanguage\":\"en-US\"}]}<\/script>\n<!-- \/ Yoast SEO plugin. -->","yoast_head_json":{"title":"Compte rendu CCCA - 26 Octobre - Mairie d&#039;Ocqueville","description":"Compte rendu CCCA et Maire Ocqueville","robots":{"index":"index","follow":"follow","max-snippet":"max-snippet:-1","max-image-preview":"max-image-preview:large","max-video-preview":"max-video-preview:-1"},"canonical":"https:\/\/ocqueville.fr\/?page_id=171","og_locale":"en_US","og_type":"article","og_title":"Compte rendu CCCA - 26 Octobre - Mairie d&#039;Ocqueville","og_description":"Compte rendu CCCA et Maire Ocqueville","og_url":"https:\/\/ocqueville.fr\/?page_id=171","og_site_name":"Mairie d&#039;Ocqueville","article_modified_time":"2020-11-01T16:21:16+00:00","twitter_card":"summary_large_image","twitter_misc":{"Est. reading time":"2 minutes"},"schema":{"@context":"https:\/\/schema.org","@graph":[{"@type":"WebPage","@id":"https:\/\/ocqueville.fr\/?page_id=171","url":"https:\/\/ocqueville.fr\/?page_id=171","name":"Compte rendu CCCA - 26 Octobre - Mairie d&#039;Ocqueville","isPartOf":{"@id":"http:\/\/ocqueville.fr\/#website"},"datePublished":"2020-10-31T18:55:44+00:00","dateModified":"2020-11-01T16:21:16+00:00","description":"Compte rendu CCCA et Maire Ocqueville","breadcrumb":{"@id":"https:\/\/ocqueville.fr\/?page_id=171#breadcrumb"},"inLanguage":"en-US","potentialAction":[{"@type":"ReadAction","target":["https:\/\/ocqueville.fr\/?page_id=171"]}]},{"@type":"BreadcrumbList","@id":"https:\/\/ocqueville.fr\/?page_id=171#breadcrumb","itemListElement":[{"@type":"ListItem","position":1,"name":"Accueil","item":"http:\/\/ocqueville.fr\/"},{"@type":"ListItem","position":2,"name":"Vie municipale","item":"https:\/\/ocqueville.fr\/?page_id=53"},{"@type":"ListItem","position":3,"name":"Nos projets","item":"https:\/\/ocqueville.fr\/?page_id=30"},{"@type":"ListItem","position":4,"name":"Compte rendu CCCA &#8211; 26 Octobre"}]},{"@type":"WebSite","@id":"http:\/\/ocqueville.fr\/#website","url":"http:\/\/ocqueville.fr\/","name":"Mairie d&#039;Ocqueville","description":"Le site de la mairie pour les ocquevillais","potentialAction":[{"@type":"SearchAction","target":{"@type":"EntryPoint","urlTemplate":"http:\/\/ocqueville.fr\/?s={search_term_string}"},"query-input":"required name=search_term_string"}],"inLanguage":"en-US"}]}},"jetpack_sharing_enabled":true,"_links":{"self":[{"href":"https:\/\/ocqueville.fr\/index.php?rest_route=\/wp\/v2\/pages\/171"}],"collection":[{"href":"https:\/\/ocqueville.fr\/index.php?rest_route=\/wp\/v2\/pages"}],"about":[{"href":"https:\/\/ocqueville.fr\/index.php?rest_route=\/wp\/v2\/types\/page"}],"author":[{"embeddable":true,"href":"https:\/\/ocqueville.fr\/index.php?rest_route=\/wp\/v2\/users\/1"}],"replies":[{"embeddable":true,"href":"https:\/\/ocqueville.fr\/index.php?rest_route=%2Fwp%2Fv2%2Fcomments&post=171"}],"version-history":[{"count":3,"href":"https:\/\/ocqueville.fr\/index.php?rest_route=\/wp\/v2\/pages\/171\/revisions"}],"predecessor-version":[{"id":180,"href":"https:\/\/ocqueville.fr\/index.php?rest_route=\/wp\/v2\/pages\/171\/revisions\/180"}],"up":[{"embeddable":true,"href":"https:\/\/ocqueville.fr\/index.php?rest_route=\/wp\/v2\/pages\/30"}],"wp:attachment":[{"href":"https:\/\/ocqueville.fr\/index.php?rest_route=%2Fwp%2Fv2%2Fmedia&parent=171"}],"curies":[{"name":"wp","href":"https:\/\/api.w.org\/{rel}","templated":true}]}}