{"id":28,"date":"2020-08-11T12:25:34","date_gmt":"2020-08-11T10:25:34","guid":{"rendered":"http:\/\/ocqueville.fr\/?page_id=28"},"modified":"2023-01-31T13:26:18","modified_gmt":"2023-01-31T12:26:18","slug":"le-personnel-communal","status":"publish","type":"page","link":"https:\/\/ocqueville.fr\/?page_id=28","title":{"rendered":"Le personnel communal"},"content":{"rendered":"\n<p><\/p>\n\n\n\n<ul>\n<li>Mme BENARD H\u00e9l\u00e8ne, secr\u00e9taire de mairie<\/li>\n\n\n\n<li>Mr ARMAND Fran\u00e7ois, adjoint technique territorial, (entretien des b\u00e2timents communaux, voirie&#8230;)<\/li>\n\n\n\n<li>Mesdames PERRIER Magali et TROLET Delphine adjoints techniques territorial (entretien des salles communales&#8230;)<\/li>\n<\/ul>\n","protected":false},"excerpt":{"rendered":"","protected":false},"author":0,"featured_media":0,"parent":53,"menu_order":4,"comment_status":"closed","ping_status":"closed","template":"","meta":{"footnotes":""},"yoast_head":"<!-- This site is optimized with the Yoast SEO plugin v22.8 - https:\/\/yoast.com\/wordpress\/plugins\/seo\/ -->\n<title>Le personnel communal - Mairie d&#039;Ocqueville<\/title>\n<meta name=\"robots\" content=\"index, follow, max-snippet:-1, max-image-preview:large, max-video-preview:-1\" \/>\n<link rel=\"canonical\" href=\"http:\/\/ocqueville.fr\/?page_id=28\" \/>\n<meta property=\"og:locale\" content=\"en_US\" \/>\n<meta property=\"og:type\" content=\"article\" \/>\n<meta property=\"og:title\" content=\"Le personnel communal - Mairie d&#039;Ocqueville\" \/>\n<meta property=\"og:url\" content=\"http:\/\/ocqueville.fr\/?page_id=28\" \/>\n<meta property=\"og:site_name\" content=\"Mairie d&#039;Ocqueville\" \/>\n<meta property=\"article:modified_time\" content=\"2023-01-31T12:26:18+00:00\" \/>\n<meta name=\"twitter:card\" content=\"summary_large_image\" \/>\n<meta name=\"twitter:label1\" content=\"Est. reading time\" \/>\n\t<meta name=\"twitter:data1\" content=\"1 minute\" \/>\n<script type=\"application\/ld+json\" class=\"yoast-schema-graph\">{\"@context\":\"https:\/\/schema.org\",\"@graph\":[{\"@type\":\"WebPage\",\"@id\":\"http:\/\/ocqueville.fr\/?page_id=28\",\"url\":\"http:\/\/ocqueville.fr\/?page_id=28\",\"name\":\"Le personnel communal - Mairie d&#039;Ocqueville\",\"isPartOf\":{\"@id\":\"http:\/\/ocqueville.fr\/#website\"},\"datePublished\":\"2020-08-11T10:25:34+00:00\",\"dateModified\":\"2023-01-31T12:26:18+00:00\",\"breadcrumb\":{\"@id\":\"http:\/\/ocqueville.fr\/?page_id=28#breadcrumb\"},\"inLanguage\":\"en-US\",\"potentialAction\":[{\"@type\":\"ReadAction\",\"target\":[\"http:\/\/ocqueville.fr\/?page_id=28\"]}]},{\"@type\":\"BreadcrumbList\",\"@id\":\"http:\/\/ocqueville.fr\/?page_id=28#breadcrumb\",\"itemListElement\":[{\"@type\":\"ListItem\",\"position\":1,\"name\":\"Accueil\",\"item\":\"http:\/\/ocqueville.fr\/\"},{\"@type\":\"ListItem\",\"position\":2,\"name\":\"Vie municipale\",\"item\":\"https:\/\/ocqueville.fr\/?page_id=53\"},{\"@type\":\"ListItem\",\"position\":3,\"name\":\"Le personnel communal\"}]},{\"@type\":\"WebSite\",\"@id\":\"http:\/\/ocqueville.fr\/#website\",\"url\":\"http:\/\/ocqueville.fr\/\",\"name\":\"Mairie d&#039;Ocqueville\",\"description\":\"Le site de la mairie pour les ocquevillais\",\"potentialAction\":[{\"@type\":\"SearchAction\",\"target\":{\"@type\":\"EntryPoint\",\"urlTemplate\":\"http:\/\/ocqueville.fr\/?s={search_term_string}\"},\"query-input\":\"required name=search_term_string\"}],\"inLanguage\":\"en-US\"}]}<\/script>\n<!-- \/ Yoast SEO plugin. -->","yoast_head_json":{"title":"Le personnel communal - Mairie d&#039;Ocqueville","robots":{"index":"index","follow":"follow","max-snippet":"max-snippet:-1","max-image-preview":"max-image-preview:large","max-video-preview":"max-video-preview:-1"},"canonical":"http:\/\/ocqueville.fr\/?page_id=28","og_locale":"en_US","og_type":"article","og_title":"Le personnel communal - Mairie d&#039;Ocqueville","og_url":"http:\/\/ocqueville.fr\/?page_id=28","og_site_name":"Mairie d&#039;Ocqueville","article_modified_time":"2023-01-31T12:26:18+00:00","twitter_card":"summary_large_image","twitter_misc":{"Est. reading time":"1 minute"},"schema":{"@context":"https:\/\/schema.org","@graph":[{"@type":"WebPage","@id":"http:\/\/ocqueville.fr\/?page_id=28","url":"http:\/\/ocqueville.fr\/?page_id=28","name":"Le personnel communal - Mairie d&#039;Ocqueville","isPartOf":{"@id":"http:\/\/ocqueville.fr\/#website"},"datePublished":"2020-08-11T10:25:34+00:00","dateModified":"2023-01-31T12:26:18+00:00","breadcrumb":{"@id":"http:\/\/ocqueville.fr\/?page_id=28#breadcrumb"},"inLanguage":"en-US","potentialAction":[{"@type":"ReadAction","target":["http:\/\/ocqueville.fr\/?page_id=28"]}]},{"@type":"BreadcrumbList","@id":"http:\/\/ocqueville.fr\/?page_id=28#breadcrumb","itemListElement":[{"@type":"ListItem","position":1,"name":"Accueil","item":"http:\/\/ocqueville.fr\/"},{"@type":"ListItem","position":2,"name":"Vie municipale","item":"https:\/\/ocqueville.fr\/?page_id=53"},{"@type":"ListItem","position":3,"name":"Le personnel communal"}]},{"@type":"WebSite","@id":"http:\/\/ocqueville.fr\/#website","url":"http:\/\/ocqueville.fr\/","name":"Mairie d&#039;Ocqueville","description":"Le site de la mairie pour les ocquevillais","potentialAction":[{"@type":"SearchAction","target":{"@type":"EntryPoint","urlTemplate":"http:\/\/ocqueville.fr\/?s={search_term_string}"},"query-input":"required name=search_term_string"}],"inLanguage":"en-US"}]}},"jetpack_sharing_enabled":true,"_links":{"self":[{"href":"https:\/\/ocqueville.fr\/index.php?rest_route=\/wp\/v2\/pages\/28"}],"collection":[{"href":"https:\/\/ocqueville.fr\/index.php?rest_route=\/wp\/v2\/pages"}],"about":[{"href":"https:\/\/ocqueville.fr\/index.php?rest_route=\/wp\/v2\/types\/page"}],"replies":[{"embeddable":true,"href":"https:\/\/ocqueville.fr\/index.php?rest_route=%2Fwp%2Fv2%2Fcomments&post=28"}],"version-history":[{"count":3,"href":"https:\/\/ocqueville.fr\/index.php?rest_route=\/wp\/v2\/pages\/28\/revisions"}],"predecessor-version":[{"id":627,"href":"https:\/\/ocqueville.fr\/index.php?rest_route=\/wp\/v2\/pages\/28\/revisions\/627"}],"up":[{"embeddable":true,"href":"https:\/\/ocqueville.fr\/index.php?rest_route=\/wp\/v2\/pages\/53"}],"wp:attachment":[{"href":"https:\/\/ocqueville.fr\/index.php?rest_route=%2Fwp%2Fv2%2Fmedia&parent=28"}],"curies":[{"name":"wp","href":"https:\/\/api.w.org\/{rel}","templated":true}]}}