{"id":547,"date":"2022-04-13T14:18:35","date_gmt":"2022-04-13T12:18:35","guid":{"rendered":"http:\/\/ocqueville.fr\/?page_id=547"},"modified":"2022-04-13T15:07:07","modified_gmt":"2022-04-13T13:07:07","slug":"ocqueville-animations","status":"publish","type":"page","link":"https:\/\/ocqueville.fr\/?page_id=547","title":{"rendered":"Ocqueville Animations"},"content":{"rendered":"\n<p>Une nouvelle association s&#8217;est cr\u00e9\u00e9es afin de proposer plusieurs \u00e9v\u00e8nements aux ocquevillais. <\/p>\n\n\n\n<p>En 2022, le programme est le suivant : <\/p>\n\n\n\n<p><strong>Dimanche 22 Mai <\/strong>2022 : Foire \u00e0 tout<\/p>\n\n\n\n<p><strong>Samedi 18 Juin<\/strong> : F\u00eate de la Saint Jean et F\u00eate des Voisins <\/p>\n\n\n\n<p><strong>Dimanche 24 Juillet<\/strong> : Randonn\u00e9e Ocquevillaise<\/p>\n\n\n\n<p><strong>Samedi 24 Septembre<\/strong> : Soir\u00e9e Moules Frites<\/p>\n\n\n\n<p><strong>Dimanche 30 Octobre<\/strong> : Marche Rose au profit du d\u00e9pistage du cancer du sein<\/p>\n\n\n\n<p><strong>Samedi 05 Novembre<\/strong> : Repas du t\u00e9l\u00e9thon <\/p>\n\n\n\n<p><\/p>\n","protected":false},"excerpt":{"rendered":"<p>Une nouvelle association s&#8217;est cr\u00e9\u00e9es afin de proposer plusieurs \u00e9v\u00e8nements aux ocquevillais. En 2022, le programme est le suivant : Dimanche 22 Mai 2022 : Foire \u00e0 tout Samedi 18 Juin : F\u00eate de la Saint Jean et F\u00eate des Voisins Dimanche 24 Juillet : Randonn\u00e9e Ocquevillaise Samedi 24 Septembre : Soir\u00e9e Moules Frites Dimanche [&hellip;]<\/p>\n","protected":false},"author":1,"featured_media":0,"parent":56,"menu_order":0,"comment_status":"closed","ping_status":"closed","template":"","meta":{"footnotes":""},"yoast_head":"<!-- This site is optimized with the Yoast SEO plugin v22.8 - https:\/\/yoast.com\/wordpress\/plugins\/seo\/ -->\n<title>Ocqueville Animations - Mairie d&#039;Ocqueville<\/title>\n<meta name=\"robots\" content=\"index, follow, max-snippet:-1, max-image-preview:large, max-video-preview:-1\" \/>\n<link rel=\"canonical\" href=\"http:\/\/ocqueville.fr\/?page_id=547\" \/>\n<meta property=\"og:locale\" content=\"en_US\" \/>\n<meta property=\"og:type\" content=\"article\" \/>\n<meta property=\"og:title\" content=\"Ocqueville Animations - Mairie d&#039;Ocqueville\" \/>\n<meta property=\"og:description\" content=\"Une nouvelle association s&#8217;est cr\u00e9\u00e9es afin de proposer plusieurs \u00e9v\u00e8nements aux ocquevillais. En 2022, le programme est le suivant : Dimanche 22 Mai 2022 : Foire \u00e0 tout Samedi 18 Juin : F\u00eate de la Saint Jean et F\u00eate des Voisins Dimanche 24 Juillet : Randonn\u00e9e Ocquevillaise Samedi 24 Septembre : Soir\u00e9e Moules Frites Dimanche [&hellip;]\" \/>\n<meta property=\"og:url\" content=\"http:\/\/ocqueville.fr\/?page_id=547\" \/>\n<meta property=\"og:site_name\" content=\"Mairie d&#039;Ocqueville\" \/>\n<meta property=\"article:modified_time\" content=\"2022-04-13T13:07:07+00:00\" \/>\n<meta name=\"twitter:card\" content=\"summary_large_image\" \/>\n<meta name=\"twitter:label1\" content=\"Est. reading time\" \/>\n\t<meta name=\"twitter:data1\" content=\"1 minute\" \/>\n<script type=\"application\/ld+json\" class=\"yoast-schema-graph\">{\"@context\":\"https:\/\/schema.org\",\"@graph\":[{\"@type\":\"WebPage\",\"@id\":\"http:\/\/ocqueville.fr\/?page_id=547\",\"url\":\"http:\/\/ocqueville.fr\/?page_id=547\",\"name\":\"Ocqueville Animations - Mairie d&#039;Ocqueville\",\"isPartOf\":{\"@id\":\"http:\/\/ocqueville.fr\/#website\"},\"datePublished\":\"2022-04-13T12:18:35+00:00\",\"dateModified\":\"2022-04-13T13:07:07+00:00\",\"breadcrumb\":{\"@id\":\"http:\/\/ocqueville.fr\/?page_id=547#breadcrumb\"},\"inLanguage\":\"en-US\",\"potentialAction\":[{\"@type\":\"ReadAction\",\"target\":[\"http:\/\/ocqueville.fr\/?page_id=547\"]}]},{\"@type\":\"BreadcrumbList\",\"@id\":\"http:\/\/ocqueville.fr\/?page_id=547#breadcrumb\",\"itemListElement\":[{\"@type\":\"ListItem\",\"position\":1,\"name\":\"Accueil\",\"item\":\"http:\/\/ocqueville.fr\/\"},{\"@type\":\"ListItem\",\"position\":2,\"name\":\"Vie Associative\",\"item\":\"http:\/\/ocqueville.fr\/?page_id=56\"},{\"@type\":\"ListItem\",\"position\":3,\"name\":\"Ocqueville Animations\"}]},{\"@type\":\"WebSite\",\"@id\":\"http:\/\/ocqueville.fr\/#website\",\"url\":\"http:\/\/ocqueville.fr\/\",\"name\":\"Mairie d&#039;Ocqueville\",\"description\":\"Le site de la mairie pour les ocquevillais\",\"potentialAction\":[{\"@type\":\"SearchAction\",\"target\":{\"@type\":\"EntryPoint\",\"urlTemplate\":\"http:\/\/ocqueville.fr\/?s={search_term_string}\"},\"query-input\":\"required name=search_term_string\"}],\"inLanguage\":\"en-US\"}]}<\/script>\n<!-- \/ Yoast SEO plugin. -->","yoast_head_json":{"title":"Ocqueville Animations - Mairie d&#039;Ocqueville","robots":{"index":"index","follow":"follow","max-snippet":"max-snippet:-1","max-image-preview":"max-image-preview:large","max-video-preview":"max-video-preview:-1"},"canonical":"http:\/\/ocqueville.fr\/?page_id=547","og_locale":"en_US","og_type":"article","og_title":"Ocqueville Animations - Mairie d&#039;Ocqueville","og_description":"Une nouvelle association s&#8217;est cr\u00e9\u00e9es afin de proposer plusieurs \u00e9v\u00e8nements aux ocquevillais. En 2022, le programme est le suivant : Dimanche 22 Mai 2022 : Foire \u00e0 tout Samedi 18 Juin : F\u00eate de la Saint Jean et F\u00eate des Voisins Dimanche 24 Juillet : Randonn\u00e9e Ocquevillaise Samedi 24 Septembre : Soir\u00e9e Moules Frites Dimanche [&hellip;]","og_url":"http:\/\/ocqueville.fr\/?page_id=547","og_site_name":"Mairie d&#039;Ocqueville","article_modified_time":"2022-04-13T13:07:07+00:00","twitter_card":"summary_large_image","twitter_misc":{"Est. reading time":"1 minute"},"schema":{"@context":"https:\/\/schema.org","@graph":[{"@type":"WebPage","@id":"http:\/\/ocqueville.fr\/?page_id=547","url":"http:\/\/ocqueville.fr\/?page_id=547","name":"Ocqueville Animations - Mairie d&#039;Ocqueville","isPartOf":{"@id":"http:\/\/ocqueville.fr\/#website"},"datePublished":"2022-04-13T12:18:35+00:00","dateModified":"2022-04-13T13:07:07+00:00","breadcrumb":{"@id":"http:\/\/ocqueville.fr\/?page_id=547#breadcrumb"},"inLanguage":"en-US","potentialAction":[{"@type":"ReadAction","target":["http:\/\/ocqueville.fr\/?page_id=547"]}]},{"@type":"BreadcrumbList","@id":"http:\/\/ocqueville.fr\/?page_id=547#breadcrumb","itemListElement":[{"@type":"ListItem","position":1,"name":"Accueil","item":"http:\/\/ocqueville.fr\/"},{"@type":"ListItem","position":2,"name":"Vie Associative","item":"http:\/\/ocqueville.fr\/?page_id=56"},{"@type":"ListItem","position":3,"name":"Ocqueville Animations"}]},{"@type":"WebSite","@id":"http:\/\/ocqueville.fr\/#website","url":"http:\/\/ocqueville.fr\/","name":"Mairie d&#039;Ocqueville","description":"Le site de la mairie pour les ocquevillais","potentialAction":[{"@type":"SearchAction","target":{"@type":"EntryPoint","urlTemplate":"http:\/\/ocqueville.fr\/?s={search_term_string}"},"query-input":"required name=search_term_string"}],"inLanguage":"en-US"}]}},"jetpack_sharing_enabled":true,"_links":{"self":[{"href":"https:\/\/ocqueville.fr\/index.php?rest_route=\/wp\/v2\/pages\/547"}],"collection":[{"href":"https:\/\/ocqueville.fr\/index.php?rest_route=\/wp\/v2\/pages"}],"about":[{"href":"https:\/\/ocqueville.fr\/index.php?rest_route=\/wp\/v2\/types\/page"}],"author":[{"embeddable":true,"href":"https:\/\/ocqueville.fr\/index.php?rest_route=\/wp\/v2\/users\/1"}],"replies":[{"embeddable":true,"href":"https:\/\/ocqueville.fr\/index.php?rest_route=%2Fwp%2Fv2%2Fcomments&post=547"}],"version-history":[{"count":3,"href":"https:\/\/ocqueville.fr\/index.php?rest_route=\/wp\/v2\/pages\/547\/revisions"}],"predecessor-version":[{"id":565,"href":"https:\/\/ocqueville.fr\/index.php?rest_route=\/wp\/v2\/pages\/547\/revisions\/565"}],"up":[{"embeddable":true,"href":"https:\/\/ocqueville.fr\/index.php?rest_route=\/wp\/v2\/pages\/56"}],"wp:attachment":[{"href":"https:\/\/ocqueville.fr\/index.php?rest_route=%2Fwp%2Fv2%2Fmedia&parent=547"}],"curies":[{"name":"wp","href":"https:\/\/api.w.org\/{rel}","templated":true}]}}