{"id":68,"date":"2020-08-18T09:28:04","date_gmt":"2020-08-18T07:28:04","guid":{"rendered":"http:\/\/ocqueville.fr\/?page_id=68"},"modified":"2025-09-30T10:55:57","modified_gmt":"2025-09-30T08:55:57","slug":"horaires","status":"publish","type":"page","link":"https:\/\/ocqueville.fr\/?page_id=68","title":{"rendered":"Horaires"},"content":{"rendered":"\n<h2 class=\"wp-block-heading\"><code>Mairie d'Ocqueville<\/code><\/h2>\n\n\n\n<p>Adresse de la mairie :<\/p>\n\n\n\n<p>Rue du four \u00e0 pain<br \/>76450 Ocqueville<\/p>\n\n\n\n<h5 class=\"wp-block-heading\"><strong>T\u00e9l\u00e9phone :<\/strong>&nbsp;02 35 97 81 84<br><strong>Fax :<\/strong>&nbsp;02 35 57 18 12<br><strong>E-mail :<\/strong>&nbsp;mairie@ocqueville.fr <\/h5>\n\n\n\n<h5 class=\"wp-block-heading\">Horaires :<br \/><strong>Le&nbsp;lundi&nbsp;:&nbsp;de&nbsp;10h30&nbsp;\u00e0&nbsp;11h30<br \/>Le&nbsp;mardi&nbsp;:&nbsp;de&nbsp;17h30&nbsp;\u00e0&nbsp;19h00 (pr\u00e9sence du maire d&#8217;Ocqueville)<br \/>Le&nbsp;vendredi&nbsp;:&nbsp;de&nbsp;17h30&nbsp;\u00e0&nbsp;19h00<\/strong><\/h5>\n\n\n\n<p>Merci de respecter les horaires de permanences.<\/p>\n\n\n\n<p>[wpgmza id=&#8221;1&#8243;]<\/p>\n\n\n\n\n\n<p><\/p>\n","protected":false},"excerpt":{"rendered":"<p>Mairie d&#8217;Ocqueville Adresse de la mairie : Rue du four \u00e0 pain76450 Ocqueville T\u00e9l\u00e9phone :&nbsp;02 35 97 81 84Fax :&nbsp;02 35 57 18 12E-mail :&nbsp;mairie@ocqueville.fr Horaires :Le&nbsp;lundi&nbsp;:&nbsp;de&nbsp;10h30&nbsp;\u00e0&nbsp;11h30Le&nbsp;mardi&nbsp;:&nbsp;de&nbsp;17h30&nbsp;\u00e0&nbsp;19h00 (pr\u00e9sence du maire d&#8217;Ocqueville)Le&nbsp;vendredi&nbsp;:&nbsp;de&nbsp;17h30&nbsp;\u00e0&nbsp;19h00 Merci de respecter les horaires de permanences. [wpgmza id=&#8221;1&#8243;]<\/p>\n","protected":false},"author":1,"featured_media":0,"parent":0,"menu_order":0,"comment_status":"closed","ping_status":"closed","template":"","meta":{"footnotes":""},"yoast_head":"<!-- This site is optimized with the Yoast SEO plugin v22.8 - https:\/\/yoast.com\/wordpress\/plugins\/seo\/ -->\n<title>Horaires - Mairie d&#039;Ocqueville<\/title>\n<meta name=\"robots\" content=\"index, follow, max-snippet:-1, max-image-preview:large, max-video-preview:-1\" \/>\n<link rel=\"canonical\" href=\"https:\/\/ocqueville.fr\/?page_id=68\" \/>\n<meta property=\"og:locale\" content=\"en_US\" \/>\n<meta property=\"og:type\" content=\"article\" \/>\n<meta property=\"og:title\" content=\"Horaires - Mairie d&#039;Ocqueville\" \/>\n<meta property=\"og:description\" content=\"Mairie d&#039;Ocqueville Adresse de la mairie : Rue du four \u00e0 pain76450 Ocqueville T\u00e9l\u00e9phone :&nbsp;02 35 97 81 84Fax :&nbsp;02 35 57 18 12E-mail :&nbsp;mairie@ocqueville.fr Horaires :Le&nbsp;lundi&nbsp;:&nbsp;de&nbsp;10h30&nbsp;\u00e0&nbsp;11h30Le&nbsp;mardi&nbsp;:&nbsp;de&nbsp;17h30&nbsp;\u00e0&nbsp;19h00 (pr\u00e9sence du maire d&#8217;Ocqueville)Le&nbsp;vendredi&nbsp;:&nbsp;de&nbsp;17h30&nbsp;\u00e0&nbsp;19h00 Merci de respecter les horaires de permanences. [wpgmza id=&#8221;1&#8243;]\" \/>\n<meta property=\"og:url\" content=\"https:\/\/ocqueville.fr\/?page_id=68\" \/>\n<meta property=\"og:site_name\" content=\"Mairie d&#039;Ocqueville\" \/>\n<meta property=\"article:modified_time\" content=\"2025-09-30T08:55:57+00:00\" \/>\n<meta name=\"twitter:card\" content=\"summary_large_image\" \/>\n<meta name=\"twitter:label1\" content=\"Est. reading time\" \/>\n\t<meta name=\"twitter:data1\" content=\"1 minute\" \/>\n<script type=\"application\/ld+json\" class=\"yoast-schema-graph\">{\"@context\":\"https:\/\/schema.org\",\"@graph\":[{\"@type\":\"WebPage\",\"@id\":\"https:\/\/ocqueville.fr\/?page_id=68\",\"url\":\"https:\/\/ocqueville.fr\/?page_id=68\",\"name\":\"Horaires - Mairie d&#039;Ocqueville\",\"isPartOf\":{\"@id\":\"http:\/\/ocqueville.fr\/#website\"},\"datePublished\":\"2020-08-18T07:28:04+00:00\",\"dateModified\":\"2025-09-30T08:55:57+00:00\",\"breadcrumb\":{\"@id\":\"https:\/\/ocqueville.fr\/?page_id=68#breadcrumb\"},\"inLanguage\":\"en-US\",\"potentialAction\":[{\"@type\":\"ReadAction\",\"target\":[\"https:\/\/ocqueville.fr\/?page_id=68\"]}]},{\"@type\":\"BreadcrumbList\",\"@id\":\"https:\/\/ocqueville.fr\/?page_id=68#breadcrumb\",\"itemListElement\":[{\"@type\":\"ListItem\",\"position\":1,\"name\":\"Accueil\",\"item\":\"http:\/\/ocqueville.fr\/\"},{\"@type\":\"ListItem\",\"position\":2,\"name\":\"Horaires\"}]},{\"@type\":\"WebSite\",\"@id\":\"http:\/\/ocqueville.fr\/#website\",\"url\":\"http:\/\/ocqueville.fr\/\",\"name\":\"Mairie d&#039;Ocqueville\",\"description\":\"Le site de la mairie pour les ocquevillais\",\"potentialAction\":[{\"@type\":\"SearchAction\",\"target\":{\"@type\":\"EntryPoint\",\"urlTemplate\":\"http:\/\/ocqueville.fr\/?s={search_term_string}\"},\"query-input\":\"required name=search_term_string\"}],\"inLanguage\":\"en-US\"}]}<\/script>\n<!-- \/ Yoast SEO plugin. -->","yoast_head_json":{"title":"Horaires - Mairie d&#039;Ocqueville","robots":{"index":"index","follow":"follow","max-snippet":"max-snippet:-1","max-image-preview":"max-image-preview:large","max-video-preview":"max-video-preview:-1"},"canonical":"https:\/\/ocqueville.fr\/?page_id=68","og_locale":"en_US","og_type":"article","og_title":"Horaires - Mairie d&#039;Ocqueville","og_description":"Mairie d'Ocqueville Adresse de la mairie : Rue du four \u00e0 pain76450 Ocqueville T\u00e9l\u00e9phone :&nbsp;02 35 97 81 84Fax :&nbsp;02 35 57 18 12E-mail :&nbsp;mairie@ocqueville.fr Horaires :Le&nbsp;lundi&nbsp;:&nbsp;de&nbsp;10h30&nbsp;\u00e0&nbsp;11h30Le&nbsp;mardi&nbsp;:&nbsp;de&nbsp;17h30&nbsp;\u00e0&nbsp;19h00 (pr\u00e9sence du maire d&#8217;Ocqueville)Le&nbsp;vendredi&nbsp;:&nbsp;de&nbsp;17h30&nbsp;\u00e0&nbsp;19h00 Merci de respecter les horaires de permanences. [wpgmza id=&#8221;1&#8243;]","og_url":"https:\/\/ocqueville.fr\/?page_id=68","og_site_name":"Mairie d&#039;Ocqueville","article_modified_time":"2025-09-30T08:55:57+00:00","twitter_card":"summary_large_image","twitter_misc":{"Est. reading time":"1 minute"},"schema":{"@context":"https:\/\/schema.org","@graph":[{"@type":"WebPage","@id":"https:\/\/ocqueville.fr\/?page_id=68","url":"https:\/\/ocqueville.fr\/?page_id=68","name":"Horaires - Mairie d&#039;Ocqueville","isPartOf":{"@id":"http:\/\/ocqueville.fr\/#website"},"datePublished":"2020-08-18T07:28:04+00:00","dateModified":"2025-09-30T08:55:57+00:00","breadcrumb":{"@id":"https:\/\/ocqueville.fr\/?page_id=68#breadcrumb"},"inLanguage":"en-US","potentialAction":[{"@type":"ReadAction","target":["https:\/\/ocqueville.fr\/?page_id=68"]}]},{"@type":"BreadcrumbList","@id":"https:\/\/ocqueville.fr\/?page_id=68#breadcrumb","itemListElement":[{"@type":"ListItem","position":1,"name":"Accueil","item":"http:\/\/ocqueville.fr\/"},{"@type":"ListItem","position":2,"name":"Horaires"}]},{"@type":"WebSite","@id":"http:\/\/ocqueville.fr\/#website","url":"http:\/\/ocqueville.fr\/","name":"Mairie d&#039;Ocqueville","description":"Le site de la mairie pour les ocquevillais","potentialAction":[{"@type":"SearchAction","target":{"@type":"EntryPoint","urlTemplate":"http:\/\/ocqueville.fr\/?s={search_term_string}"},"query-input":"required name=search_term_string"}],"inLanguage":"en-US"}]}},"jetpack_sharing_enabled":true,"_links":{"self":[{"href":"https:\/\/ocqueville.fr\/index.php?rest_route=\/wp\/v2\/pages\/68"}],"collection":[{"href":"https:\/\/ocqueville.fr\/index.php?rest_route=\/wp\/v2\/pages"}],"about":[{"href":"https:\/\/ocqueville.fr\/index.php?rest_route=\/wp\/v2\/types\/page"}],"author":[{"embeddable":true,"href":"https:\/\/ocqueville.fr\/index.php?rest_route=\/wp\/v2\/users\/1"}],"replies":[{"embeddable":true,"href":"https:\/\/ocqueville.fr\/index.php?rest_route=%2Fwp%2Fv2%2Fcomments&post=68"}],"version-history":[{"count":14,"href":"https:\/\/ocqueville.fr\/index.php?rest_route=\/wp\/v2\/pages\/68\/revisions"}],"predecessor-version":[{"id":680,"href":"https:\/\/ocqueville.fr\/index.php?rest_route=\/wp\/v2\/pages\/68\/revisions\/680"}],"wp:attachment":[{"href":"https:\/\/ocqueville.fr\/index.php?rest_route=%2Fwp%2Fv2%2Fmedia&parent=68"}],"curies":[{"name":"wp","href":"https:\/\/api.w.org\/{rel}","templated":true}]}}